{"id":110,"date":"2018-04-23T22:09:30","date_gmt":"2018-04-23T22:09:30","guid":{"rendered":"https:\/\/www.velafitness.it\/palestra\/?page_id=110"},"modified":"2020-08-08T15:35:58","modified_gmt":"2020-08-08T15:35:58","slug":"danza","status":"publish","type":"page","link":"https:\/\/velafitness.it\/palestra\/danza\/","title":{"rendered":"Danza"},"content":{"rendered":"<p>[et_pb_section bb_built=&#8221;1&#8243; admin_label=&#8221;Hero Section&#8221; _builder_version=&#8221;3.10.1&#8243; use_background_color_gradient=&#8221;on&#8221; background_color_gradient_start=&#8221;2873b9&#8243; background_color_gradient_end=&#8221;#95c12e&#8221; background_color_gradient_direction=&#8221;105deg&#8221; custom_padding=&#8221;60px|0px|60px|0px&#8221; next_background_color=&#8221;#fafbfc&#8221;][et_pb_row _builder_version=&#8221;3.10.1&#8243; background_size=&#8221;initial&#8221; background_position=&#8221;top_left&#8221; background_repeat=&#8221;repeat&#8221;][et_pb_column type=&#8221;4_4&#8243;][et_pb_text background_layout=&#8221;dark&#8221; _builder_version=&#8221;3.10.1&#8243; text_font=&#8221;Poppins||||||||&#8221; text_font_size=&#8221;18px&#8221; text_line_height=&#8221;1.8em&#8221; header_font=&#8221;Poppins|600|||||||&#8221; header_font_size=&#8221;48px&#8221; header_text_color=&#8221;#2873b9&#8243; header_line_height=&#8221;1.4em&#8221; header_3_font=&#8221;Poppins|600|||||||&#8221; header_3_font_size=&#8221;36px&#8221; header_3_line_height=&#8221;1.4em&#8221; module_alignment=&#8221;left&#8221; custom_margin=&#8221;|||&#8221; locked=&#8221;off&#8221; text_text_color=&#8221;#666666&#8243;]<\/p>\n<h1>Corsi pre-professionali di Danza<\/h1>\n<h1>Classico, Moderno e non solo!<\/h1>\n<p>Il corpo del danzatore ci parla con le sue braccia, le sue mani, i suoi piedi, con i ritmi musicali, interni e apparentemente esterni che fa dello spazio che occupa un luogo dinamico di poteri: estetici, comunicativi, linguistici, un corpo che obbliga al silenzio al momento del suo manifestarsi. Il movimento che manifesta \u00e8 il dire e il sapere di s\u00e9, un simbolo che ci presenta agli altri. La danza \u00e8 il modo pi\u00f9 forte, efficace, diretto e immediato attraverso cui l\u2019uomo comunica. Chi danza istaura un legame speciale tra il proprio corpo e la propria anima, \u00e8 capace di sentire la musica e trasformare ogni singola nota in movimento corporeo trasmettendo cos\u00ec al pubblico i propri sentimenti. La danza pu\u00f2 essere principalmente divisa in quella che \u00e8 la danza per eccellenza cio\u00e8 la DANZA CLASSICA e la DANZA CONTEMPORANEA.<\/p>\n<p>E se vuoi puoi iscriverti ad una lezione di prova!<\/p>\n<p>[\/et_pb_text][\/et_pb_column][\/et_pb_row][\/et_pb_section][et_pb_section bb_built=&#8221;1&#8243; admin_label=&#8221;Classes Section&#8221; background_color=&#8221;#fafbfc&#8221; _builder_version=&#8221;3.0.83&#8243; custom_padding=&#8221;110px|0px|110px|0px&#8221; prev_background_color=&#8221;#ffffff&#8221;][et_pb_row admin_label=&#8221;Class&#8221; custom_padding=&#8221;|40px||40px&#8221; custom_margin=&#8221;||60px|&#8221; background_color=&#8221;#ffffff&#8221; _builder_version=&#8221;3.10.1&#8243; border_radii=&#8221;on|6px|6px|6px|6px&#8221; animation_style=&#8221;fade&#8221; box_shadow_style=&#8221;preset1&#8243; box_shadow_vertical=&#8221;10px&#8221; box_shadow_blur=&#8221;24px&#8221; box_shadow_spread=&#8221;6px&#8221; box_shadow_color=&#8221;rgba(0,0,0,0.06)&#8221; module_id=&#8221;classica&#8221;][et_pb_column type=&#8221;1_3&#8243;][et_pb_image _builder_version=&#8221;3.17.6&#8243; src=&#8221;https:\/\/velafitness.it\/palestra\/wp-content\/uploads\/2020\/08\/Danza1.jpg&#8221; show_in_lightbox=&#8221;on&#8221; \/][et_pb_image _builder_version=&#8221;3.17.6&#8243; src=&#8221;https:\/\/velafitness.it\/palestra\/wp-content\/uploads\/2020\/08\/Danza3.jpg&#8221; show_in_lightbox=&#8221;on&#8221; \/][et_pb_image _builder_version=&#8221;3.17.6&#8243; src=&#8221;https:\/\/velafitness.it\/palestra\/wp-content\/uploads\/2020\/08\/Danza4.jpg&#8221; show_in_lightbox=&#8221;on&#8221; \/][\/et_pb_column][et_pb_column type=&#8221;1_3&#8243;][et_pb_image _builder_version=&#8221;3.17.6&#8243; src=&#8221;https:\/\/velafitness.it\/palestra\/wp-content\/uploads\/2020\/08\/Danza6.jpg&#8221; show_in_lightbox=&#8221;on&#8221; \/][et_pb_image _builder_version=&#8221;3.17.6&#8243; src=&#8221;https:\/\/velafitness.it\/palestra\/wp-content\/uploads\/2020\/08\/Danza7.jpg&#8221; show_in_lightbox=&#8221;on&#8221; \/][et_pb_image _builder_version=&#8221;3.17.6&#8243; src=&#8221;https:\/\/velafitness.it\/palestra\/wp-content\/uploads\/2020\/08\/Danza5.jpg&#8221; show_in_lightbox=&#8221;on&#8221; \/][\/et_pb_column][et_pb_column type=&#8221;1_3&#8243;][et_pb_text _builder_version=&#8221;3.10.1&#8243; text_font=&#8221;Open Sans||||||||&#8221; text_font_size=&#8221;15px&#8221; text_text_color=&#8221;#486066&#8243; text_line_height=&#8221;1.8em&#8221; header_3_font=&#8221;Poppins|600|||||||&#8221; header_3_font_size=&#8221;18px&#8221; header_3_text_color=&#8221;#486066&#8243; header_3_line_height=&#8221;1.4em&#8221; locked=&#8221;off&#8221;]<\/p>\n<h3>DANZA CLASSICA<\/h3>\n<p>Basata su una tecnica accademica, con metodi e regole precise, una delle principali caratteristiche \u00e8 che viene spesso ballata con il tut\u00f9 e le scarpette da punta per sottolineare il distacco della ballerina dal mondo terreno. Le trame dei balletti riflettono quelli che sono i temi romantici come l\u2019amore impossibile tra uomo e spirito, magie e spiriti danzanti, il soprannaturale, i racconti fiabeschi.<\/p>\n<p>CORSI DI DANZA CLASSICA PRE-PRIMARY (3-5 ANNI) \/ PRIMARY (6-7 ANNI) \/ 3\u00b0 GRADO (8-10 ANNI) \/ INTERMEDIO (11-14 ANNI)<\/p>\n<p>[\/et_pb_text][et_pb_button button_text=&#8221;Guarda gli orari dei corsi!&#8221; button_alignment=&#8221;left&#8221; background_layout=&#8221;dark&#8221; _builder_version=&#8221;3.10.1&#8243; custom_margin=&#8221;|||&#8221; custom_padding=&#8221;12px|36px|12px|36px&#8221; custom_button=&#8221;on&#8221; button_text_size=&#8221;14px&#8221; button_text_color=&#8221;#95c12e&#8221; button_border_color=&#8221;#95c12e&#8221; button_border_radius=&#8221;100px&#8221; button_font=&#8221;Poppins|600||on|||||&#8221; button_use_icon=&#8221;off&#8221; locked=&#8221;off&#8221; button_url=&#8221;\/palestra\/orari\/&#8221; button_text_size__hover_enabled=&#8221;off&#8221; button_text_size__hover=&#8221;null&#8221; button_one_text_size__hover_enabled=&#8221;off&#8221; button_one_text_size__hover=&#8221;null&#8221; button_two_text_size__hover_enabled=&#8221;off&#8221; button_two_text_size__hover=&#8221;null&#8221; button_text_color__hover_enabled=&#8221;off&#8221; button_text_color__hover=&#8221;null&#8221; button_one_text_color__hover_enabled=&#8221;off&#8221; button_one_text_color__hover=&#8221;null&#8221; button_two_text_color__hover_enabled=&#8221;off&#8221; button_two_text_color__hover=&#8221;null&#8221; button_border_width__hover_enabled=&#8221;off&#8221; button_border_width__hover=&#8221;null&#8221; button_one_border_width__hover_enabled=&#8221;off&#8221; button_one_border_width__hover=&#8221;null&#8221; button_two_border_width__hover_enabled=&#8221;off&#8221; button_two_border_width__hover=&#8221;null&#8221; button_border_color__hover_enabled=&#8221;off&#8221; button_border_color__hover=&#8221;null&#8221; button_one_border_color__hover_enabled=&#8221;off&#8221; button_one_border_color__hover=&#8221;null&#8221; button_two_border_color__hover_enabled=&#8221;off&#8221; button_two_border_color__hover=&#8221;null&#8221; button_border_radius__hover_enabled=&#8221;off&#8221; button_border_radius__hover=&#8221;null&#8221; button_one_border_radius__hover_enabled=&#8221;off&#8221; button_one_border_radius__hover=&#8221;null&#8221; button_two_border_radius__hover_enabled=&#8221;off&#8221; button_two_border_radius__hover=&#8221;null&#8221; button_letter_spacing__hover_enabled=&#8221;off&#8221; button_letter_spacing__hover=&#8221;null&#8221; button_one_letter_spacing__hover_enabled=&#8221;off&#8221; button_one_letter_spacing__hover=&#8221;null&#8221; button_two_letter_spacing__hover_enabled=&#8221;off&#8221; button_two_letter_spacing__hover=&#8221;null&#8221; button_bg_color__hover_enabled=&#8221;off&#8221; button_bg_color__hover=&#8221;null&#8221; button_one_bg_color__hover_enabled=&#8221;off&#8221; button_one_bg_color__hover=&#8221;null&#8221; button_two_bg_color__hover_enabled=&#8221;off&#8221; button_two_bg_color__hover=&#8221;null&#8221; \/][et_pb_image _builder_version=&#8221;3.17.6&#8243; src=&#8221;https:\/\/velafitness.it\/palestra\/wp-content\/uploads\/2020\/08\/Danza2.jpg&#8221; show_in_lightbox=&#8221;on&#8221; \/][\/et_pb_column][\/et_pb_row][et_pb_row admin_label=&#8221;Class&#8221; custom_padding=&#8221;|40px||40px&#8221; custom_margin=&#8221;||60px|&#8221; background_color=&#8221;#ffffff&#8221; _builder_version=&#8221;3.10.1&#8243; border_radii=&#8221;on|6px|6px|6px|6px&#8221; animation_style=&#8221;fade&#8221; box_shadow_style=&#8221;preset1&#8243; box_shadow_vertical=&#8221;10px&#8221; box_shadow_blur=&#8221;24px&#8221; box_shadow_spread=&#8221;6px&#8221; box_shadow_color=&#8221;rgba(0,0,0,0.06)&#8221; module_id=&#8221;contemporanea&#8221;][et_pb_column type=&#8221;1_2&#8243;][et_pb_text _builder_version=&#8221;3.10.1&#8243; text_font=&#8221;Open Sans||||||||&#8221; text_font_size=&#8221;15px&#8221; text_text_color=&#8221;#486066&#8243; text_line_height=&#8221;1.8em&#8221; header_3_font=&#8221;Poppins|600|||||||&#8221; header_3_font_size=&#8221;18px&#8221; header_3_text_color=&#8221;#486066&#8243; header_3_line_height=&#8221;1.4em&#8221; locked=&#8221;off&#8221; module_id=&#8221;dolceepostural&#8221;]<\/p>\n<h3>DANZA CONTEMPORANEA<\/h3>\n<p>Si \u00e8 sviluppata successivamente alla danza classica \u00e8 uno stile pi\u00f9 libero e a favore di nuove espressioni corporee, molto meno rigida e schematica, una danza libera fatta di pi\u00f9 improvvisazione con nuovi modi di usare lo spazio e di muoversi in esso.<\/p>\n<h2><\/h2>\n<h2><\/h2>\n<h2>\n<\/h2>\n<p>[\/et_pb_text][et_pb_button button_text=&#8221;Guarda gli orari dei corsi!&#8221; button_alignment=&#8221;left&#8221; background_layout=&#8221;dark&#8221; _builder_version=&#8221;3.10.1&#8243; custom_margin=&#8221;|||&#8221; custom_padding=&#8221;12px|36px|12px|36px&#8221; custom_button=&#8221;on&#8221; button_text_size=&#8221;14px&#8221; button_text_color=&#8221;#95c12e&#8221; button_border_color=&#8221;#95c12e&#8221; button_border_radius=&#8221;100px&#8221; button_font=&#8221;Poppins|600||on|||||&#8221; button_use_icon=&#8221;off&#8221; button_url=&#8221;\/palestra\/orari\/&#8221; button_text_size__hover_enabled=&#8221;off&#8221; button_text_size__hover=&#8221;null&#8221; button_one_text_size__hover_enabled=&#8221;off&#8221; button_one_text_size__hover=&#8221;null&#8221; button_two_text_size__hover_enabled=&#8221;off&#8221; button_two_text_size__hover=&#8221;null&#8221; button_text_color__hover_enabled=&#8221;off&#8221; button_text_color__hover=&#8221;null&#8221; button_one_text_color__hover_enabled=&#8221;off&#8221; button_one_text_color__hover=&#8221;null&#8221; button_two_text_color__hover_enabled=&#8221;off&#8221; button_two_text_color__hover=&#8221;null&#8221; button_border_width__hover_enabled=&#8221;off&#8221; button_border_width__hover=&#8221;null&#8221; button_one_border_width__hover_enabled=&#8221;off&#8221; button_one_border_width__hover=&#8221;null&#8221; button_two_border_width__hover_enabled=&#8221;off&#8221; button_two_border_width__hover=&#8221;null&#8221; button_border_color__hover_enabled=&#8221;off&#8221; button_border_color__hover=&#8221;null&#8221; button_one_border_color__hover_enabled=&#8221;off&#8221; button_one_border_color__hover=&#8221;null&#8221; button_two_border_color__hover_enabled=&#8221;off&#8221; button_two_border_color__hover=&#8221;null&#8221; button_border_radius__hover_enabled=&#8221;off&#8221; button_border_radius__hover=&#8221;null&#8221; button_one_border_radius__hover_enabled=&#8221;off&#8221; button_one_border_radius__hover=&#8221;null&#8221; button_two_border_radius__hover_enabled=&#8221;off&#8221; button_two_border_radius__hover=&#8221;null&#8221; button_letter_spacing__hover_enabled=&#8221;off&#8221; button_letter_spacing__hover=&#8221;null&#8221; button_one_letter_spacing__hover_enabled=&#8221;off&#8221; button_one_letter_spacing__hover=&#8221;null&#8221; button_two_letter_spacing__hover_enabled=&#8221;off&#8221; button_two_letter_spacing__hover=&#8221;null&#8221; button_bg_color__hover_enabled=&#8221;off&#8221; button_bg_color__hover=&#8221;null&#8221; button_one_bg_color__hover_enabled=&#8221;off&#8221; button_one_bg_color__hover=&#8221;null&#8221; button_two_bg_color__hover_enabled=&#8221;off&#8221; button_two_bg_color__hover=&#8221;null&#8221; \/][\/et_pb_column][et_pb_column type=&#8221;1_4&#8243;][et_pb_image _builder_version=&#8221;3.10.1&#8243; src=&#8221;https:\/\/velafitness.it\/palestra\/wp-content\/uploads\/2018\/07\/23167775_760073090845559_5821197208525783488_n.jpg&#8221; show_in_lightbox=&#8221;on&#8221; \/][et_pb_image _builder_version=&#8221;3.10.1&#8243; src=&#8221;https:\/\/velafitness.it\/palestra\/wp-content\/uploads\/2018\/07\/23130757_760072964178905_8565128357484924104_n.jpg&#8221; show_in_lightbox=&#8221;on&#8221; \/][\/et_pb_column][et_pb_column type=&#8221;1_4&#8243;][et_pb_image _builder_version=&#8221;3.10.1&#8243; src=&#8221;https:\/\/velafitness.it\/palestra\/wp-content\/uploads\/2018\/07\/23031393_760072870845581_6793318738257752801_n.jpg&#8221; show_in_lightbox=&#8221;on&#8221; \/][et_pb_image _builder_version=&#8221;3.10.1&#8243; src=&#8221;https:\/\/velafitness.it\/palestra\/wp-content\/uploads\/2018\/07\/14352613_573564136163123_1831044967729982846_o.jpg&#8221; show_in_lightbox=&#8221;on&#8221; \/][\/et_pb_column][\/et_pb_row][\/et_pb_section]<\/p>\n","protected":false},"excerpt":{"rendered":"<p>Corsi pre-professionali di Danza Classico, Moderno e non solo! Il corpo del danzatore ci parla con le sue braccia, le sue mani, i suoi piedi, con i ritmi musicali, interni e apparentemente esterni che fa dello spazio che occupa un luogo dinamico di poteri: estetici, comunicativi, linguistici, un corpo che obbliga al silenzio al momento [&hellip;]<\/p>\n","protected":false},"author":1,"featured_media":0,"parent":0,"menu_order":0,"comment_status":"closed","ping_status":"closed","template":"","meta":{"_et_pb_use_builder":"on","_et_pb_old_content":"","_et_gb_content_width":"","footnotes":""},"class_list":["post-110","page","type-page","status-publish","hentry"],"_links":{"self":[{"href":"https:\/\/velafitness.it\/palestra\/wp-json\/wp\/v2\/pages\/110","targetHints":{"allow":["GET"]}}],"collection":[{"href":"https:\/\/velafitness.it\/palestra\/wp-json\/wp\/v2\/pages"}],"about":[{"href":"https:\/\/velafitness.it\/palestra\/wp-json\/wp\/v2\/types\/page"}],"author":[{"embeddable":true,"href":"https:\/\/velafitness.it\/palestra\/wp-json\/wp\/v2\/users\/1"}],"replies":[{"embeddable":true,"href":"https:\/\/velafitness.it\/palestra\/wp-json\/wp\/v2\/comments?post=110"}],"version-history":[{"count":27,"href":"https:\/\/velafitness.it\/palestra\/wp-json\/wp\/v2\/pages\/110\/revisions"}],"predecessor-version":[{"id":722,"href":"https:\/\/velafitness.it\/palestra\/wp-json\/wp\/v2\/pages\/110\/revisions\/722"}],"wp:attachment":[{"href":"https:\/\/velafitness.it\/palestra\/wp-json\/wp\/v2\/media?parent=110"}],"curies":[{"name":"wp","href":"https:\/\/api.w.org\/{rel}","templated":true}]}}