{"id":56,"date":"2018-04-23T16:41:59","date_gmt":"2018-04-23T16:41:59","guid":{"rendered":"https:\/\/www.velafitness.it\/palestra\/?page_id=56"},"modified":"2018-07-19T12:52:26","modified_gmt":"2018-07-19T12:52:26","slug":"privacy-policy-e-cookie-policy","status":"publish","type":"page","link":"https:\/\/velafitness.it\/palestra\/privacy-policy-e-cookie-policy\/","title":{"rendered":"Privacy Policy e Cookie Policy"},"content":{"rendered":"<p>[et_pb_section bb_built=&#8221;1&#8243; admin_label=&#8221;section&#8221;][et_pb_row admin_label=&#8221;row&#8221; background_position=&#8221;top_left&#8221; background_repeat=&#8221;repeat&#8221; background_size=&#8221;initial&#8221;][et_pb_column type=&#8221;4_4&#8243;][et_pb_text module_alignment=&#8221;left&#8221; background_position=&#8221;top_left&#8221; background_repeat=&#8221;repeat&#8221; background_size=&#8221;initial&#8221; _builder_version=&#8221;3.10.1&#8243;]<\/p>\n<p>&nbsp;<\/p>\n<p>Gentile Cliente la preghiamo di leggere attentamente la nostra politica di trattamento dei dati personali nel caso in cui lei decida di fare acquisti o comunque di navigare all\u2019interno di questo sito internet, pubblicato da VELA FITNESS A.S.D. &#8211; C.F. 92264800282. L\u2019informativa \u00e8 resa anche ai sensi del Regolamento UE 2016\/679 (Regolamento generale sulla protezione dei dati) e del D.Lgs. 196\/03 (Codice in materia di protezione dei dati personali) ed \u00e8 valida solamente per il presente sito e non per altri siti web presenti sottoforma di link all\u2019interno delle pagine web. I dati personali liberamente conferiti dal Cliente saranno conservati il tempo necessario per le finalit\u00e0 per cui i dati sono stati raccolti e successivamente trattati e in ogni caso entri i limiti dettati dalla legge. I dati sensibili non saranno ceduti a terzi (esterni alla transazione) senza l\u2019espresso consenso del titolare.<\/p>\n<p>&nbsp;<\/p>\n<p>[\/et_pb_text][et_pb_tabs admin_label=&#8221;Scheda privacy&#8221; background_position=&#8221;top_left&#8221; background_repeat=&#8221;repeat&#8221; background_size=&#8221;initial&#8221; _builder_version=&#8221;3.10.1&#8243;][et_pb_tab title=&#8221;Utilizzo dei Cookie : informativa estesa&#8221; tab_font_select=&#8221;default&#8221; tab_font=&#8221;||||&#8221; tab_line_height=&#8221;2em&#8221; tab_line_height_tablet=&#8221;2em&#8221; tab_line_height_phone=&#8221;2em&#8221; body_font_select=&#8221;default&#8221; body_font=&#8221;||||&#8221; body_line_height=&#8221;2em&#8221; body_line_height_tablet=&#8221;2em&#8221; body_line_height_phone=&#8221;2em&#8221; background_position=&#8221;top_left&#8221; background_repeat=&#8221;repeat&#8221; background_size=&#8221;initial&#8221; _builder_version=&#8221;3.10.1&#8243; use_background_color_gradient=&#8221;off&#8221; background_color_gradient_start=&#8221;#2b87da&#8221; background_color_gradient_end=&#8221;#29c4a9&#8243; background_color_gradient_type=&#8221;linear&#8221; background_color_gradient_direction=&#8221;180deg&#8221; background_color_gradient_direction_radial=&#8221;center&#8221; background_color_gradient_start_position=&#8221;0%&#8221; background_color_gradient_end_position=&#8221;100%&#8221; background_color_gradient_overlays_image=&#8221;off&#8221; parallax=&#8221;off&#8221; parallax_method=&#8221;on&#8221; background_blend=&#8221;normal&#8221; allow_player_pause=&#8221;off&#8221; tab_text_shadow_horizontal_length=&#8221;0em&#8221; tab_text_shadow_vertical_length=&#8221;0em&#8221; tab_text_shadow_blur_strength=&#8221;0em&#8221; body_text_shadow_horizontal_length=&#8221;0em&#8221; body_text_shadow_vertical_length=&#8221;0em&#8221; body_text_shadow_blur_strength=&#8221;0em&#8221; background_video_pause_outside_viewport=&#8221;on&#8221; tab_text_shadow_style=&#8221;none&#8221; body_text_shadow_style=&#8221;none&#8221;]<\/p>\n<div class=\"wpb_wrapper\">\n<h2>Uso dei cookie<\/h2>\n<p>Il sito web &#8220;velafitness.it&#8221; pubblicato su pi\u00f9 domini da VELA FITNESS A.S.D. &#8211; C.F. 92264800282, titolare dei diritti di utilizzo dell&#8217;omonimo progetto, (indirizzo principale &#8220;www.velafitness.itm&#8221; (d&#8217;ora in poi considerato per brevit\u00e0 \u201cil Sito\u201d) utilizza i Cookie per rendere i propri servizi semplici e efficienti per l\u2019utenza che visiona le pagine. Gli utenti che visionano il Sito, vedranno inserite delle <strong>quantit\u00e0 minime di informazioni<\/strong> nei dispositivi in uso, che siano computer e periferiche mobili, in piccoli file di testo denominati \u201ccookie\u201d salvati nelle directory utilizzate dal browser web dell\u2019Utente. Disabilitando i cookie alcuni dei nostri servizi potrebbero non funzionare correttamente e alcune pagine potrebbero non essere visualizzate correttamente. Vi sono <strong>vari tipi di cookie<\/strong>, alcuni per rendere pi\u00f9 efficace l\u2019uso del Sito, altri per abilitare determinate funzionalit\u00e0. Analizzandoli in maniera particolareggiata i cookie utilizzati permettono di:<\/p>\n<ul>\n<li>memorizzare le preferenze inserite<\/li>\n<li>evitare di reinserire le stesse informazioni pi\u00f9 volte durante la visita (ad esempio nome utente e password, laddove richieste)<\/li>\n<li>analizzare l\u2019utilizzo dei servizi e dei contenuti forniti dal Sito per ottimizzarne l\u2019esperienza di navigazione e i servizi offerti<\/li>\n<\/ul>\n<h2><\/h2>\n<h2>Tipologie di Cookie utilizzati dal Sito e finalit\u00e0 specifiche<\/h2>\n<h3><\/h3>\n<h3>Cookie Tecnici<\/h3>\n<p>Questa tipologia di cookie \u00e8 strettamente necessaria al <strong>corretto funzionamento di alcune sezioni del Sito<\/strong>. Sono di due categorie: persistenti e di sessione:<\/p>\n<ul>\n<li><strong>persistenti<\/strong>: una volta chiuso il browser non vengono distrutti ma rimangono fino ad una data di scadenza preimpostata<\/li>\n<li><strong>di sessioni<\/strong>: vengono distrutti ogni volta che il browser viene chiuso<\/li>\n<\/ul>\n<p>Questi cookie, inviati sempre dal nostro dominio, <strong>sono necessari a visualizzare correttamente il sito<\/strong> e in relazione ai servizi tecnici offerti, verranno quindi <strong>sempre utilizzati e inviati<\/strong>, a meno che l\u2019utenza non modifichi le impostazioni nel proprio browser (inficiando cos\u00ec la visualizzazione delle pagine del sito).<\/p>\n<h3>Cookie analitici<\/h3>\n<p>I cookie in questa categoria vengono utilizzati per <strong>collezionare informazioni sull\u2019uso del sito<\/strong>. Il Sito utilizzer\u00e0 queste informazioni in merito ad <strong>analisi statistiche anonime<\/strong> al fine di migliorare la navigazione e per rendere i contenuti pi\u00f9 interessanti e attinenti ai desideri dell\u2019utenza. Questa tipologia di cookie raccoglie dati in <strong>forma anonima<\/strong> sull\u2019attivit\u00e0 dell\u2019utenza e su come \u00e8 arrivata sul Sito. I cookie analitici sono inviati dal Sito Stesso o da domini di terze parti.<\/p>\n<h3>Cookie di analisi di servizi di terze parti<\/h3>\n<p>Questi cookie sono utilizzati al fine di raccogliere informazioni sull\u2019<strong>uso del Sito<\/strong> da parte degli utenti in <strong>forma anonima<\/strong> quali: pagine visitate, tempo di permanenza, origini del traffico di provenienza, provenienza geografica, et\u00e0, genere e interessi ai fini di campagne di marketing. Questi cookie sono inviati da domini di terze parti esterni al Sito.<\/p>\n<h3>Cookie per integrare prodotti e funzioni di software di terze parti<\/h3>\n<p>Questa tipologia di cookie <strong>integra funzionalit\u00e0 sviluppate da terzi<\/strong> all\u2019interno delle pagine del Sito come le icone e le preferenze espresse nei social network al fine di condivisione dei contenuti del sito o per l\u2019uso di servizi software di terze parti (come i software per generare le mappe e ulteriori software che offrono servizi aggiuntivi). Questi cookie sono inviati da <strong>domini di terze parti<\/strong> e da <strong>siti partner<\/strong> che offrono le loro funzionalit\u00e0 tra le pagine del Sito.<\/p>\n<h3>Cookie di profilazione<\/h3>\n<p>Sono quei cookie necessari a creare profili utenti al fine di inviare messaggi pubblicitari in linea con le preferenze manifestate dall\u2019utente all\u2019interno delle pagine del Sito. In questo Sito non vengono al momento utilizzati cookie di profilazione.<\/p>\n<hr>\n<p>Secondo la normativa vigente per l\u2019utilizzo di <strong>cookie tecnici non \u00e8 necessari alcuna autorizzazione da parte dell\u2019utente<\/strong>, in quanto necessari a fornire i servizi richiesti. Per tutte le altre tipologie di cookie il consenso pu\u00f2 essere espresso dall\u2019Utente con una o pi\u00f9 di una delle seguenti modalit\u00e0:<\/p>\n<ul>\n<li><strong>Mediante specifiche configurazioni del browser<\/strong> utilizzato o dei relativi programmi informatici utilizzati per navigare le pagine che compongono il Sito.<\/li>\n<li><strong>Mediante modifica delle impostazioni<\/strong> nell\u2019uso dei servizi di terze parti<\/li>\n<\/ul>\n<p>Entrambe queste soluzioni potrebbero impedire all\u2019utente di utilizzare o visualizzare parti del Sito. &nbsp; <strong>Siti Web e servizi di terze parti<\/strong> Il Sito potrebbe contenere collegamenti ad altri siti Web che dispongono di una propria informativa sulla privacy che pu\u00f2 essere&nbsp; diverse da quella adottata da questo sito e che che quindi <strong>non ne risponde<\/strong>.<\/p>\n<\/div>\n<h4><\/h4>\n<h4>Gestione dei cookie<\/h4>\n<p class=\"chapter-paragraph\">Nel caso in cui sorgano abbia dubbi o preoccupazioni in merito all\u2019utilizzo dei cookie \u00e8 sempre possibile intervenire per impedirne l\u2019impostazione e la lettura, ad esempio modificando le impostazioni sulla privacy all\u2019interno del browser al fine di bloccarne determinati tipi o utilizzando tool specifici liberamente disponibili.<\/p>\n<p class=\"chapter-paragraph\">Quale utile informazione elenchiamo quelli principalmente utilizzabili per la gestione dei cookie di questo sito :<\/p>\n<p>Google : <a href=\"http:\/\/www.google.com\/ads\/preferences\/?hl=it\" target=\"_blank\" rel=\"noopener\">http:\/\/www.google.com\/ads\/preferences\/?hl=it<\/a><\/p>\n<p>Facebook : <a href=\"https:\/\/www.facebook.com\/help\/cookies?ref_type=sitefooter\" target=\"_blank\" rel=\"noopener\">https:\/\/www.facebook.com\/help\/cookies?ref_type=sitefooter<\/a><\/p>\n<p>Twitter : <a href=\"https:\/\/support.twitter.com\/articles\/20170519-uso-dei-cookie-e-di-altre-tecnologie-simili-da-parte-di-twitter#\" target=\"_blank\" rel=\"noopener\">https:\/\/support.twitter.com\/articles\/20170519-uso-dei-cookie-e-di-altre-tecnologie-simili-da-parte-di-twitter#<\/a><\/p>\n<p>Disabilitazione di Google Analitycs : <a href=\"https:\/\/tools.google.com\/dlpage\/gaoptout\/\" target=\"_blank\" rel=\"noopener\">https:\/\/tools.google.com\/dlpage\/gaoptout\/<\/a><\/p>\n<p>Poich\u00e9 ciascun browser \u2013 e spesso diverse versioni dello stesso browser \u2013 differiscono anche sensibilmente le une dalle altre, qualora si preferisca agire autonomamente mediante le preferenze del browser si possono trovare informazioni dettagliate sulle procedure necessarie nella guida del browser stesso.<\/p>\n<p>Ulteriori informazioni e opzioni per la gestione dei Cookie sono presenti nella label successiva &#8220;Diritti dell&#8217;utente e gestione Cookie&#8221;.<\/p>\n<p>[\/et_pb_tab][et_pb_tab title=&#8221;Diritti dell&#8217;utente e gestione Cookie&#8221; tab_font_select=&#8221;default&#8221; tab_font=&#8221;||||&#8221; tab_line_height=&#8221;2em&#8221; tab_line_height_tablet=&#8221;2em&#8221; tab_line_height_phone=&#8221;2em&#8221; body_font_select=&#8221;default&#8221; body_font=&#8221;||||&#8221; body_line_height=&#8221;2em&#8221; body_line_height_tablet=&#8221;2em&#8221; body_line_height_phone=&#8221;2em&#8221; background_position=&#8221;top_left&#8221; background_repeat=&#8221;repeat&#8221; background_size=&#8221;initial&#8221; _builder_version=&#8221;3.10.1&#8243; use_background_color_gradient=&#8221;off&#8221; background_color_gradient_start=&#8221;#2b87da&#8221; background_color_gradient_end=&#8221;#29c4a9&#8243; background_color_gradient_type=&#8221;linear&#8221; background_color_gradient_direction=&#8221;180deg&#8221; background_color_gradient_direction_radial=&#8221;center&#8221; background_color_gradient_start_position=&#8221;0%&#8221; background_color_gradient_end_position=&#8221;100%&#8221; background_color_gradient_overlays_image=&#8221;off&#8221; parallax=&#8221;off&#8221; parallax_method=&#8221;on&#8221; background_blend=&#8221;normal&#8221; allow_player_pause=&#8221;off&#8221; tab_text_shadow_horizontal_length=&#8221;0em&#8221; tab_text_shadow_vertical_length=&#8221;0em&#8221; tab_text_shadow_blur_strength=&#8221;0em&#8221; body_text_shadow_horizontal_length=&#8221;0em&#8221; body_text_shadow_vertical_length=&#8221;0em&#8221; body_text_shadow_blur_strength=&#8221;0em&#8221; background_video_pause_outside_viewport=&#8221;on&#8221; tab_text_shadow_style=&#8221;none&#8221; body_text_shadow_style=&#8221;none&#8221;]<\/p>\n<h2>DIRITTI DELL\u2019UTENTE<\/h2>\n<p>Il Cliente ha diritto in qualsiasi momento di chiedere la rettifica, la cancellazione, e l\u2019aggiornamento dei propri dati personali. L&#8217;utente ha diritto, inoltre a richiedere informazioni circa l&#8217;origine dei dati personali, le finalit\u00e0 e il trattamento dei dati personali e la modalit\u00e0 con cui vengono trattati attraverso l&#8217;utilizzo di strumenti elettronici. Inoltre pu\u00f2 chiedere informazioni circa il responsabile del trattamento e suoi enti terzi ai quali i dati possono essere comunicati nel rispetto della normativa vigente.<\/p>\n<p>I seguenti recapiti possono essere utilizzati anche per comunicare eventuali variazioni circa le proprie preferenze legate alla sottoscrizione della nostra NewsLetter.<\/p>\n<p>Si ricorda che i diritti di cui sopra posso essere esercitati senza formalit\u00e0 di sorta interpellando il<\/p>\n<p>RESPONSABILE DEL TRATTAMENTO DEI DATI :<br \/>\nVELA FITNESS Associazione Sportiva Dilettantistica<br \/>\nVia Roma, 41<br \/>\n35010 Vigodarzere (PD)<br \/>\nC.F. 92264800282<br \/>\n\u2014\u2014\u2014\u2014\u2014\u2014\u2014\u2014\u2014\u2014<br \/>\nmail di riferimento : privacy@velafitness.it<\/p>\n<h2>GESTIONE AUTORIZZAZIONE COOKIE (REVOCA)<\/h2>\n<p>Conformemente al disposto del Regolamento UE 2016\/679 l&#8217;utente ha il diritto di provvedere in autonomia tramite idonei strumenti alla limitazione selettiva dell&#8217;utilizzo dei Cookie durante l&#8217;esperienza di navigazione.<\/p>\n<p>Tale diritto pu\u00f2 essere esercitato tramite le funzionalit\u00e0 del proprio browser oppure collegandosi a questo link ed avvalendosi del relativo servizio potr\u00e0 personalizzare le sue scelte: <a href=\"http:\/\/www.youronlinechoices.com\/it\/le-tue-scelte\">http:\/\/www.youronlinechoices.com\/it\/le-tue-scelte<\/a><\/p>\n<div class=\"et-pb-modal-bottom-container\"><\/div>\n<p>[\/et_pb_tab][et_pb_tab title=&#8221;Trattamento dei dati&#8221; tab_font_select=&#8221;default&#8221; tab_font=&#8221;||||&#8221; tab_line_height=&#8221;2em&#8221; tab_line_height_tablet=&#8221;2em&#8221; tab_line_height_phone=&#8221;2em&#8221; body_font_select=&#8221;default&#8221; body_font=&#8221;||||&#8221; body_line_height=&#8221;2em&#8221; body_line_height_tablet=&#8221;2em&#8221; body_line_height_phone=&#8221;2em&#8221; background_position=&#8221;top_left&#8221; background_repeat=&#8221;repeat&#8221; background_size=&#8221;initial&#8221; _builder_version=&#8221;3.10.1&#8243; use_background_color_gradient=&#8221;off&#8221; background_color_gradient_start=&#8221;#2b87da&#8221; background_color_gradient_end=&#8221;#29c4a9&#8243; background_color_gradient_type=&#8221;linear&#8221; background_color_gradient_direction=&#8221;180deg&#8221; background_color_gradient_direction_radial=&#8221;center&#8221; background_color_gradient_start_position=&#8221;0%&#8221; background_color_gradient_end_position=&#8221;100%&#8221; background_color_gradient_overlays_image=&#8221;off&#8221; parallax=&#8221;off&#8221; parallax_method=&#8221;on&#8221; background_blend=&#8221;normal&#8221; allow_player_pause=&#8221;off&#8221; tab_text_shadow_horizontal_length=&#8221;0em&#8221; tab_text_shadow_vertical_length=&#8221;0em&#8221; tab_text_shadow_blur_strength=&#8221;0em&#8221; body_text_shadow_horizontal_length=&#8221;0em&#8221; body_text_shadow_vertical_length=&#8221;0em&#8221; body_text_shadow_blur_strength=&#8221;0em&#8221; background_video_pause_outside_viewport=&#8221;on&#8221; tab_text_shadow_style=&#8221;none&#8221; body_text_shadow_style=&#8221;none&#8221;]<\/p>\n<h2>TITOLARI DEL TRATTAMENTO<\/h2>\n<p>I titolari del trattamento dei dati personali \u00e8 VELA FITNESS Associazione Sportiva Dilettantistica &#8211;<br \/>\nC.F. 92264800282. Per ogni informazione aggiuntiva che si desidera ottenere il navigatore di questo sito pu\u00f2 scrivere all\u2019indirizzo e-mail a privacy@velafitness.it, pu\u00f2 inviare richieste direttamente presso l\u2019indirizzo della Sede operativa come meglio dettagliato nella label &#8220;diritti dell&#8217;utente&#8221; di questo box informativo.<\/p>\n<h2>FINALITA\u2019 DEL TRATTAMENTO<\/h2>\n<p>Per poter effettuare ordini nel sito il navigatore (cliente) dovr\u00e0 necessariamente fornire dei dati obbligatori (che saranno indicati da un asterisco *). Tali dati sono fondamentali per processare l\u2019ordine. La trasmissione di dati aggiuntivi, diversi da quelli contrassegnati dall\u2019asterisco, \u00e8 facoltativa e non comporta conseguenza diversa da quelle che riguardano la finalit\u00e0 principale della raccolta delle informazioni. All\u2019utente ogni qualvolta verr\u00e0 chiesto di fornire dei dati personali verr\u00e0 sottoposta l\u2019informativa della privacy. Generalmente le informazioni personali sono richieste per la corretta evasione dell\u2019ordine, per la sottoscrizione alla ricezione della newsletter, per la comunicazione di eventuali promozioni in atto, per la richiesta di informazioni commerciali o tecniche, per contattare il nostro Servizio Clienti.<\/p>\n<p>[\/et_pb_tab][et_pb_tab title=&#8221;Statistiche del sito&#8221; tab_font_select=&#8221;default&#8221; tab_font=&#8221;||||&#8221; tab_line_height=&#8221;2em&#8221; tab_line_height_tablet=&#8221;2em&#8221; tab_line_height_phone=&#8221;2em&#8221; body_font_select=&#8221;default&#8221; body_font=&#8221;||||&#8221; body_line_height=&#8221;2em&#8221; body_line_height_tablet=&#8221;2em&#8221; body_line_height_phone=&#8221;2em&#8221; background_position=&#8221;top_left&#8221; background_repeat=&#8221;repeat&#8221; background_size=&#8221;initial&#8221; _builder_version=&#8221;3.10.1&#8243; use_background_color_gradient=&#8221;off&#8221; background_color_gradient_start=&#8221;#2b87da&#8221; background_color_gradient_end=&#8221;#29c4a9&#8243; background_color_gradient_type=&#8221;linear&#8221; background_color_gradient_direction=&#8221;180deg&#8221; background_color_gradient_direction_radial=&#8221;center&#8221; background_color_gradient_start_position=&#8221;0%&#8221; background_color_gradient_end_position=&#8221;100%&#8221; background_color_gradient_overlays_image=&#8221;off&#8221; parallax=&#8221;off&#8221; parallax_method=&#8221;on&#8221; background_blend=&#8221;normal&#8221; allow_player_pause=&#8221;off&#8221; tab_text_shadow_horizontal_length=&#8221;0em&#8221; tab_text_shadow_vertical_length=&#8221;0em&#8221; tab_text_shadow_blur_strength=&#8221;0em&#8221; body_text_shadow_horizontal_length=&#8221;0em&#8221; body_text_shadow_vertical_length=&#8221;0em&#8221; body_text_shadow_blur_strength=&#8221;0em&#8221; background_video_pause_outside_viewport=&#8221;on&#8221; tab_text_shadow_style=&#8221;none&#8221; body_text_shadow_style=&#8221;none&#8221;]<\/p>\n<h2>STATISTICHE DEL SITO WEB E COOKIES<\/h2>\n<p>Il sito web al presente indirizzo \u00e8 monitorato da un sistema di statistiche che consente di verificare gli accessi al sito. Questo sistema trattiene dati anonimi che non vengono ceduti a terzi e ovviamente non sono oggetto di diffusone. Il sito utilizza i cookies, che memorizzano nel disco fisso del PC delle informazioni per il browser e consentono di ricordare i parametri di alcune ricerche effettuate con lo scopo di velocizzare le ricerche successive. I cookies possono essere eliminati dal disco fisso del PC ogni volta che si desidera, e si pu\u00f2 scegliere di navigare senza di essi , il che non implica il malfunzionamento del sito. I cookies non contengono alcuna informazione di carattere personale. Maggiori dettagli sull&#8217;argomento sono reperibili nelle label specifiche di questo stesso box informativo.<\/p>\n<p>[\/et_pb_tab][\/et_pb_tabs][\/et_pb_column][\/et_pb_row][\/et_pb_section]<\/p>\n","protected":false},"excerpt":{"rendered":"<p>&nbsp; Gentile Cliente la preghiamo di leggere attentamente la nostra politica di trattamento dei dati personali nel caso in cui lei decida di fare acquisti o comunque di navigare all\u2019interno di questo sito internet, pubblicato da VELA FITNESS A.S.D. &#8211; C.F. 92264800282. L\u2019informativa \u00e8 resa anche ai sensi del Regolamento UE 2016\/679 (Regolamento generale sulla [&hellip;]<\/p>\n","protected":false},"author":1,"featured_media":0,"parent":0,"menu_order":0,"comment_status":"closed","ping_status":"closed","template":"","meta":{"_et_pb_use_builder":"on","_et_pb_old_content":"","_et_gb_content_width":"","footnotes":""},"class_list":["post-56","page","type-page","status-publish","hentry"],"_links":{"self":[{"href":"https:\/\/velafitness.it\/palestra\/wp-json\/wp\/v2\/pages\/56","targetHints":{"allow":["GET"]}}],"collection":[{"href":"https:\/\/velafitness.it\/palestra\/wp-json\/wp\/v2\/pages"}],"about":[{"href":"https:\/\/velafitness.it\/palestra\/wp-json\/wp\/v2\/types\/page"}],"author":[{"embeddable":true,"href":"https:\/\/velafitness.it\/palestra\/wp-json\/wp\/v2\/users\/1"}],"replies":[{"embeddable":true,"href":"https:\/\/velafitness.it\/palestra\/wp-json\/wp\/v2\/comments?post=56"}],"version-history":[{"count":5,"href":"https:\/\/velafitness.it\/palestra\/wp-json\/wp\/v2\/pages\/56\/revisions"}],"predecessor-version":[{"id":219,"href":"https:\/\/velafitness.it\/palestra\/wp-json\/wp\/v2\/pages\/56\/revisions\/219"}],"wp:attachment":[{"href":"https:\/\/velafitness.it\/palestra\/wp-json\/wp\/v2\/media?parent=56"}],"curies":[{"name":"wp","href":"https:\/\/api.w.org\/{rel}","templated":true}]}}